{"id":28,"date":"2026-02-18T11:48:11","date_gmt":"2026-02-18T11:48:11","guid":{"rendered":"http:\/\/mariasniezna.com.pl\/?page_id=28"},"modified":"2026-02-28T18:45:37","modified_gmt":"2026-02-28T18:45:37","slug":"galeria","status":"publish","type":"page","link":"https:\/\/mariasniezna.com.pl\/index.php\/galeria\/","title":{"rendered":"Galeria"},"content":{"rendered":"\n<p>Sanktuarium Maria \u015anie\u017cna w czterech porach roku, z r\u00f3\u017cnych perspektyw. <\/p>\n\n\n\n<figure class=\"wp-block-gallery has-nested-images columns-default is-cropped wp-block-gallery-1 is-layout-flex wp-block-gallery-is-layout-flex\">\n<figure class=\"wp-block-image size-large\"><img loading=\"lazy\" decoding=\"async\" width=\"1024\" height=\"768\" data-id=\"84\" src=\"https:\/\/mariasniezna.com.pl\/wp-content\/uploads\/2026\/02\/IMG_2385-1024x768.jpeg\" alt=\"\" class=\"wp-image-84\" srcset=\"https:\/\/mariasniezna.com.pl\/wp-content\/uploads\/2026\/02\/IMG_2385-1024x768.jpeg 1024w, https:\/\/mariasniezna.com.pl\/wp-content\/uploads\/2026\/02\/IMG_2385-300x225.jpeg 300w, https:\/\/mariasniezna.com.pl\/wp-content\/uploads\/2026\/02\/IMG_2385-768x576.jpeg 768w, https:\/\/mariasniezna.com.pl\/wp-content\/uploads\/2026\/02\/IMG_2385-1536x1152.jpeg 1536w, https:\/\/mariasniezna.com.pl\/wp-content\/uploads\/2026\/02\/IMG_2385-640x480.jpeg 640w, https:\/\/mariasniezna.com.pl\/wp-content\/uploads\/2026\/02\/IMG_2385-110x83.jpeg 110w, https:\/\/mariasniezna.com.pl\/wp-content\/uploads\/2026\/02\/IMG_2385.jpeg 1600w\" sizes=\"auto, (max-width: 1024px) 100vw, 1024px\" \/><\/figure>\n\n\n\n<figure class=\"wp-block-image size-large\"><img loading=\"lazy\" decoding=\"async\" width=\"1024\" height=\"768\" data-id=\"83\" src=\"https:\/\/mariasniezna.com.pl\/wp-content\/uploads\/2026\/02\/IMG_2384.jpeg\" alt=\"\" class=\"wp-image-83\" srcset=\"https:\/\/mariasniezna.com.pl\/wp-content\/uploads\/2026\/02\/IMG_2384.jpeg 1024w, https:\/\/mariasniezna.com.pl\/wp-content\/uploads\/2026\/02\/IMG_2384-300x225.jpeg 300w, https:\/\/mariasniezna.com.pl\/wp-content\/uploads\/2026\/02\/IMG_2384-768x576.jpeg 768w, https:\/\/mariasniezna.com.pl\/wp-content\/uploads\/2026\/02\/IMG_2384-640x480.jpeg 640w, https:\/\/mariasniezna.com.pl\/wp-content\/uploads\/2026\/02\/IMG_2384-110x83.jpeg 110w\" sizes=\"auto, (max-width: 1024px) 100vw, 1024px\" \/><\/figure>\n\n\n\n<figure class=\"wp-block-image size-large\"><img loading=\"lazy\" decoding=\"async\" width=\"1024\" height=\"768\" data-id=\"82\" src=\"https:\/\/mariasniezna.com.pl\/wp-content\/uploads\/2026\/02\/IMG_2383-1024x768.jpeg\" alt=\"\" class=\"wp-image-82\" srcset=\"https:\/\/mariasniezna.com.pl\/wp-content\/uploads\/2026\/02\/IMG_2383-1024x768.jpeg 1024w, https:\/\/mariasniezna.com.pl\/wp-content\/uploads\/2026\/02\/IMG_2383-300x225.jpeg 300w, https:\/\/mariasniezna.com.pl\/wp-content\/uploads\/2026\/02\/IMG_2383-768x576.jpeg 768w, https:\/\/mariasniezna.com.pl\/wp-content\/uploads\/2026\/02\/IMG_2383-1536x1152.jpeg 1536w, https:\/\/mariasniezna.com.pl\/wp-content\/uploads\/2026\/02\/IMG_2383-640x480.jpeg 640w, https:\/\/mariasniezna.com.pl\/wp-content\/uploads\/2026\/02\/IMG_2383-110x83.jpeg 110w, https:\/\/mariasniezna.com.pl\/wp-content\/uploads\/2026\/02\/IMG_2383.jpeg 1600w\" sizes=\"auto, (max-width: 1024px) 100vw, 1024px\" \/><\/figure>\n\n\n\n<figure class=\"wp-block-image size-large\"><img loading=\"lazy\" decoding=\"async\" width=\"600\" height=\"454\" data-id=\"81\" src=\"https:\/\/mariasniezna.com.pl\/wp-content\/uploads\/2026\/02\/IMG_2382-1.jpeg\" alt=\"\" class=\"wp-image-81\" srcset=\"https:\/\/mariasniezna.com.pl\/wp-content\/uploads\/2026\/02\/IMG_2382-1.jpeg 600w, https:\/\/mariasniezna.com.pl\/wp-content\/uploads\/2026\/02\/IMG_2382-1-300x227.jpeg 300w, https:\/\/mariasniezna.com.pl\/wp-content\/uploads\/2026\/02\/IMG_2382-1-110x83.jpeg 110w\" sizes=\"auto, (max-width: 600px) 100vw, 600px\" \/><\/figure>\n\n\n\n<figure class=\"wp-block-image size-large\"><img loading=\"lazy\" decoding=\"async\" width=\"768\" height=\"1024\" data-id=\"80\" src=\"https:\/\/mariasniezna.com.pl\/wp-content\/uploads\/2026\/02\/IMG_2386-768x1024.jpeg\" alt=\"\" class=\"wp-image-80\" srcset=\"https:\/\/mariasniezna.com.pl\/wp-content\/uploads\/2026\/02\/IMG_2386-768x1024.jpeg 768w, https:\/\/mariasniezna.com.pl\/wp-content\/uploads\/2026\/02\/IMG_2386-225x300.jpeg 225w, https:\/\/mariasniezna.com.pl\/wp-content\/uploads\/2026\/02\/IMG_2386-1152x1536.jpeg 1152w, https:\/\/mariasniezna.com.pl\/wp-content\/uploads\/2026\/02\/IMG_2386.jpeg 1200w\" sizes=\"auto, (max-width: 768px) 100vw, 768px\" \/><\/figure>\n\n\n\n<figure class=\"wp-block-image size-large\"><img loading=\"lazy\" decoding=\"async\" width=\"819\" height=\"1024\" data-id=\"79\" src=\"https:\/\/mariasniezna.com.pl\/wp-content\/uploads\/2026\/02\/IMG_2387.jpeg\" alt=\"\" class=\"wp-image-79\" srcset=\"https:\/\/mariasniezna.com.pl\/wp-content\/uploads\/2026\/02\/IMG_2387.jpeg 819w, https:\/\/mariasniezna.com.pl\/wp-content\/uploads\/2026\/02\/IMG_2387-240x300.jpeg 240w, https:\/\/mariasniezna.com.pl\/wp-content\/uploads\/2026\/02\/IMG_2387-768x960.jpeg 768w\" sizes=\"auto, (max-width: 819px) 100vw, 819px\" \/><\/figure>\n\n\n\n<figure class=\"wp-block-image size-large\"><img loading=\"lazy\" decoding=\"async\" width=\"682\" height=\"1024\" data-id=\"78\" src=\"https:\/\/mariasniezna.com.pl\/wp-content\/uploads\/2026\/02\/IMG_2388-682x1024.jpeg\" alt=\"\" class=\"wp-image-78\" srcset=\"https:\/\/mariasniezna.com.pl\/wp-content\/uploads\/2026\/02\/IMG_2388-682x1024.jpeg 682w, https:\/\/mariasniezna.com.pl\/wp-content\/uploads\/2026\/02\/IMG_2388-200x300.jpeg 200w, https:\/\/mariasniezna.com.pl\/wp-content\/uploads\/2026\/02\/IMG_2388-768x1153.jpeg 768w, https:\/\/mariasniezna.com.pl\/wp-content\/uploads\/2026\/02\/IMG_2388-1023x1536.jpeg 1023w, https:\/\/mariasniezna.com.pl\/wp-content\/uploads\/2026\/02\/IMG_2388.jpeg 1066w\" sizes=\"auto, (max-width: 682px) 100vw, 682px\" \/><\/figure>\n\n\n\n<figure class=\"wp-block-image size-large\"><img loading=\"lazy\" decoding=\"async\" width=\"1024\" height=\"768\" data-id=\"71\" src=\"https:\/\/mariasniezna.com.pl\/wp-content\/uploads\/2026\/02\/IMG_2391-1024x768.jpeg\" alt=\"\" class=\"wp-image-71\" srcset=\"https:\/\/mariasniezna.com.pl\/wp-content\/uploads\/2026\/02\/IMG_2391-1024x768.jpeg 1024w, https:\/\/mariasniezna.com.pl\/wp-content\/uploads\/2026\/02\/IMG_2391-300x225.jpeg 300w, https:\/\/mariasniezna.com.pl\/wp-content\/uploads\/2026\/02\/IMG_2391-768x576.jpeg 768w, https:\/\/mariasniezna.com.pl\/wp-content\/uploads\/2026\/02\/IMG_2391-1536x1152.jpeg 1536w, https:\/\/mariasniezna.com.pl\/wp-content\/uploads\/2026\/02\/IMG_2391-640x480.jpeg 640w, https:\/\/mariasniezna.com.pl\/wp-content\/uploads\/2026\/02\/IMG_2391-110x83.jpeg 110w, https:\/\/mariasniezna.com.pl\/wp-content\/uploads\/2026\/02\/IMG_2391.jpeg 1600w\" sizes=\"auto, (max-width: 1024px) 100vw, 1024px\" \/><\/figure>\n\n\n\n<figure class=\"wp-block-image size-large\"><img loading=\"lazy\" decoding=\"async\" width=\"1024\" height=\"768\" data-id=\"72\" src=\"https:\/\/mariasniezna.com.pl\/wp-content\/uploads\/2026\/02\/IMG_2392-1024x768.jpeg\" alt=\"\" class=\"wp-image-72\" srcset=\"https:\/\/mariasniezna.com.pl\/wp-content\/uploads\/2026\/02\/IMG_2392-1024x768.jpeg 1024w, https:\/\/mariasniezna.com.pl\/wp-content\/uploads\/2026\/02\/IMG_2392-300x225.jpeg 300w, https:\/\/mariasniezna.com.pl\/wp-content\/uploads\/2026\/02\/IMG_2392-768x576.jpeg 768w, https:\/\/mariasniezna.com.pl\/wp-content\/uploads\/2026\/02\/IMG_2392-1536x1152.jpeg 1536w, https:\/\/mariasniezna.com.pl\/wp-content\/uploads\/2026\/02\/IMG_2392-640x480.jpeg 640w, https:\/\/mariasniezna.com.pl\/wp-content\/uploads\/2026\/02\/IMG_2392-110x83.jpeg 110w, https:\/\/mariasniezna.com.pl\/wp-content\/uploads\/2026\/02\/IMG_2392.jpeg 1600w\" sizes=\"auto, (max-width: 1024px) 100vw, 1024px\" \/><\/figure>\n\n\n\n<figure class=\"wp-block-image size-large\"><img loading=\"lazy\" decoding=\"async\" width=\"1024\" height=\"768\" data-id=\"73\" src=\"https:\/\/mariasniezna.com.pl\/wp-content\/uploads\/2026\/02\/IMG_2393-1024x768.jpeg\" alt=\"\" class=\"wp-image-73\" srcset=\"https:\/\/mariasniezna.com.pl\/wp-content\/uploads\/2026\/02\/IMG_2393-1024x768.jpeg 1024w, https:\/\/mariasniezna.com.pl\/wp-content\/uploads\/2026\/02\/IMG_2393-300x225.jpeg 300w, https:\/\/mariasniezna.com.pl\/wp-content\/uploads\/2026\/02\/IMG_2393-768x576.jpeg 768w, https:\/\/mariasniezna.com.pl\/wp-content\/uploads\/2026\/02\/IMG_2393-1536x1152.jpeg 1536w, https:\/\/mariasniezna.com.pl\/wp-content\/uploads\/2026\/02\/IMG_2393-640x480.jpeg 640w, https:\/\/mariasniezna.com.pl\/wp-content\/uploads\/2026\/02\/IMG_2393-110x83.jpeg 110w, https:\/\/mariasniezna.com.pl\/wp-content\/uploads\/2026\/02\/IMG_2393.jpeg 1600w\" sizes=\"auto, (max-width: 1024px) 100vw, 1024px\" \/><\/figure>\n\n\n\n<figure class=\"wp-block-image size-large\"><img loading=\"lazy\" decoding=\"async\" width=\"768\" height=\"1024\" data-id=\"75\" src=\"https:\/\/mariasniezna.com.pl\/wp-content\/uploads\/2026\/02\/IMG_2395-768x1024.jpeg\" alt=\"\" class=\"wp-image-75\" srcset=\"https:\/\/mariasniezna.com.pl\/wp-content\/uploads\/2026\/02\/IMG_2395-768x1024.jpeg 768w, https:\/\/mariasniezna.com.pl\/wp-content\/uploads\/2026\/02\/IMG_2395-225x300.jpeg 225w, https:\/\/mariasniezna.com.pl\/wp-content\/uploads\/2026\/02\/IMG_2395-1152x1536.jpeg 1152w, https:\/\/mariasniezna.com.pl\/wp-content\/uploads\/2026\/02\/IMG_2395.jpeg 1200w\" sizes=\"auto, (max-width: 768px) 100vw, 768px\" \/><\/figure>\n\n\n\n<figure class=\"wp-block-image size-large\"><img loading=\"lazy\" decoding=\"async\" width=\"768\" height=\"1024\" data-id=\"76\" src=\"https:\/\/mariasniezna.com.pl\/wp-content\/uploads\/2026\/02\/IMG_2390-768x1024.jpeg\" alt=\"\" class=\"wp-image-76\" srcset=\"https:\/\/mariasniezna.com.pl\/wp-content\/uploads\/2026\/02\/IMG_2390-768x1024.jpeg 768w, https:\/\/mariasniezna.com.pl\/wp-content\/uploads\/2026\/02\/IMG_2390-225x300.jpeg 225w, https:\/\/mariasniezna.com.pl\/wp-content\/uploads\/2026\/02\/IMG_2390-1152x1536.jpeg 1152w, https:\/\/mariasniezna.com.pl\/wp-content\/uploads\/2026\/02\/IMG_2390.jpeg 1200w\" sizes=\"auto, (max-width: 768px) 100vw, 768px\" \/><\/figure>\n\n\n\n<figure class=\"wp-block-image size-large\"><img loading=\"lazy\" decoding=\"async\" width=\"1024\" height=\"768\" data-id=\"77\" src=\"https:\/\/mariasniezna.com.pl\/wp-content\/uploads\/2026\/02\/IMG_2389-1024x768.jpeg\" alt=\"\" class=\"wp-image-77\" srcset=\"https:\/\/mariasniezna.com.pl\/wp-content\/uploads\/2026\/02\/IMG_2389-1024x768.jpeg 1024w, https:\/\/mariasniezna.com.pl\/wp-content\/uploads\/2026\/02\/IMG_2389-300x225.jpeg 300w, https:\/\/mariasniezna.com.pl\/wp-content\/uploads\/2026\/02\/IMG_2389-768x576.jpeg 768w, https:\/\/mariasniezna.com.pl\/wp-content\/uploads\/2026\/02\/IMG_2389-1536x1152.jpeg 1536w, https:\/\/mariasniezna.com.pl\/wp-content\/uploads\/2026\/02\/IMG_2389-640x480.jpeg 640w, https:\/\/mariasniezna.com.pl\/wp-content\/uploads\/2026\/02\/IMG_2389-110x83.jpeg 110w, https:\/\/mariasniezna.com.pl\/wp-content\/uploads\/2026\/02\/IMG_2389.jpeg 1600w\" sizes=\"auto, (max-width: 1024px) 100vw, 1024px\" \/><\/figure>\n\n\n\n<figure class=\"wp-block-image size-large\"><img loading=\"lazy\" decoding=\"async\" width=\"768\" height=\"1024\" data-id=\"70\" src=\"https:\/\/mariasniezna.com.pl\/wp-content\/uploads\/2026\/02\/IMG_2396-768x1024.jpeg\" alt=\"\" class=\"wp-image-70\" srcset=\"https:\/\/mariasniezna.com.pl\/wp-content\/uploads\/2026\/02\/IMG_2396-768x1024.jpeg 768w, https:\/\/mariasniezna.com.pl\/wp-content\/uploads\/2026\/02\/IMG_2396-225x300.jpeg 225w, https:\/\/mariasniezna.com.pl\/wp-content\/uploads\/2026\/02\/IMG_2396-1152x1536.jpeg 1152w, https:\/\/mariasniezna.com.pl\/wp-content\/uploads\/2026\/02\/IMG_2396.jpeg 1200w\" sizes=\"auto, (max-width: 768px) 100vw, 768px\" \/><\/figure>\n\n\n\n<figure class=\"wp-block-image size-large\"><img loading=\"lazy\" decoding=\"async\" width=\"768\" height=\"1024\" data-id=\"69\" src=\"https:\/\/mariasniezna.com.pl\/wp-content\/uploads\/2026\/02\/IMG_2397-768x1024.jpeg\" alt=\"\" class=\"wp-image-69\" srcset=\"https:\/\/mariasniezna.com.pl\/wp-content\/uploads\/2026\/02\/IMG_2397-768x1024.jpeg 768w, https:\/\/mariasniezna.com.pl\/wp-content\/uploads\/2026\/02\/IMG_2397-225x300.jpeg 225w, https:\/\/mariasniezna.com.pl\/wp-content\/uploads\/2026\/02\/IMG_2397-1152x1536.jpeg 1152w, https:\/\/mariasniezna.com.pl\/wp-content\/uploads\/2026\/02\/IMG_2397.jpeg 1200w\" sizes=\"auto, (max-width: 768px) 100vw, 768px\" \/><\/figure>\n\n\n\n<figure class=\"wp-block-image size-large\"><img loading=\"lazy\" decoding=\"async\" width=\"768\" height=\"1024\" data-id=\"68\" src=\"https:\/\/mariasniezna.com.pl\/wp-content\/uploads\/2026\/02\/IMG_2398-768x1024.jpeg\" alt=\"\" class=\"wp-image-68\" srcset=\"https:\/\/mariasniezna.com.pl\/wp-content\/uploads\/2026\/02\/IMG_2398-768x1024.jpeg 768w, https:\/\/mariasniezna.com.pl\/wp-content\/uploads\/2026\/02\/IMG_2398-225x300.jpeg 225w, https:\/\/mariasniezna.com.pl\/wp-content\/uploads\/2026\/02\/IMG_2398-1152x1536.jpeg 1152w, https:\/\/mariasniezna.com.pl\/wp-content\/uploads\/2026\/02\/IMG_2398.jpeg 1200w\" sizes=\"auto, (max-width: 768px) 100vw, 768px\" \/><\/figure>\n\n\n\n<figure class=\"wp-block-image size-large\"><img loading=\"lazy\" decoding=\"async\" width=\"768\" height=\"1024\" data-id=\"67\" src=\"https:\/\/mariasniezna.com.pl\/wp-content\/uploads\/2026\/02\/IMG_2399-768x1024.jpeg\" alt=\"\" class=\"wp-image-67\" srcset=\"https:\/\/mariasniezna.com.pl\/wp-content\/uploads\/2026\/02\/IMG_2399-768x1024.jpeg 768w, https:\/\/mariasniezna.com.pl\/wp-content\/uploads\/2026\/02\/IMG_2399-225x300.jpeg 225w, https:\/\/mariasniezna.com.pl\/wp-content\/uploads\/2026\/02\/IMG_2399-1152x1536.jpeg 1152w, https:\/\/mariasniezna.com.pl\/wp-content\/uploads\/2026\/02\/IMG_2399.jpeg 1200w\" sizes=\"auto, (max-width: 768px) 100vw, 768px\" \/><\/figure>\n\n\n\n<figure class=\"wp-block-image size-large\"><img loading=\"lazy\" decoding=\"async\" width=\"1024\" height=\"768\" data-id=\"66\" src=\"https:\/\/mariasniezna.com.pl\/wp-content\/uploads\/2026\/02\/IMG_2400-1024x768.jpeg\" alt=\"\" class=\"wp-image-66\" srcset=\"https:\/\/mariasniezna.com.pl\/wp-content\/uploads\/2026\/02\/IMG_2400-1024x768.jpeg 1024w, https:\/\/mariasniezna.com.pl\/wp-content\/uploads\/2026\/02\/IMG_2400-300x225.jpeg 300w, https:\/\/mariasniezna.com.pl\/wp-content\/uploads\/2026\/02\/IMG_2400-768x576.jpeg 768w, https:\/\/mariasniezna.com.pl\/wp-content\/uploads\/2026\/02\/IMG_2400-1536x1152.jpeg 1536w, https:\/\/mariasniezna.com.pl\/wp-content\/uploads\/2026\/02\/IMG_2400-640x480.jpeg 640w, https:\/\/mariasniezna.com.pl\/wp-content\/uploads\/2026\/02\/IMG_2400-110x83.jpeg 110w, https:\/\/mariasniezna.com.pl\/wp-content\/uploads\/2026\/02\/IMG_2400.jpeg 1600w\" sizes=\"auto, (max-width: 1024px) 100vw, 1024px\" \/><\/figure>\n\n\n\n<figure class=\"wp-block-image size-large\"><img loading=\"lazy\" decoding=\"async\" width=\"1024\" height=\"768\" data-id=\"64\" src=\"https:\/\/mariasniezna.com.pl\/wp-content\/uploads\/2026\/02\/IMG_2404-1024x768.jpeg\" alt=\"\" class=\"wp-image-64\" srcset=\"https:\/\/mariasniezna.com.pl\/wp-content\/uploads\/2026\/02\/IMG_2404-1024x768.jpeg 1024w, https:\/\/mariasniezna.com.pl\/wp-content\/uploads\/2026\/02\/IMG_2404-300x225.jpeg 300w, https:\/\/mariasniezna.com.pl\/wp-content\/uploads\/2026\/02\/IMG_2404-768x576.jpeg 768w, https:\/\/mariasniezna.com.pl\/wp-content\/uploads\/2026\/02\/IMG_2404-1536x1152.jpeg 1536w, https:\/\/mariasniezna.com.pl\/wp-content\/uploads\/2026\/02\/IMG_2404-640x480.jpeg 640w, https:\/\/mariasniezna.com.pl\/wp-content\/uploads\/2026\/02\/IMG_2404-110x83.jpeg 110w, https:\/\/mariasniezna.com.pl\/wp-content\/uploads\/2026\/02\/IMG_2404.jpeg 1600w\" sizes=\"auto, (max-width: 1024px) 100vw, 1024px\" \/><\/figure>\n\n\n\n<figure class=\"wp-block-image size-large\"><img loading=\"lazy\" decoding=\"async\" width=\"1024\" height=\"311\" data-id=\"65\" src=\"https:\/\/mariasniezna.com.pl\/wp-content\/uploads\/2026\/02\/IMG_2405-1-1024x311.jpeg\" alt=\"\" class=\"wp-image-65\" srcset=\"https:\/\/mariasniezna.com.pl\/wp-content\/uploads\/2026\/02\/IMG_2405-1-1024x311.jpeg 1024w, https:\/\/mariasniezna.com.pl\/wp-content\/uploads\/2026\/02\/IMG_2405-1-300x91.jpeg 300w, https:\/\/mariasniezna.com.pl\/wp-content\/uploads\/2026\/02\/IMG_2405-1-768x233.jpeg 768w, https:\/\/mariasniezna.com.pl\/wp-content\/uploads\/2026\/02\/IMG_2405-1-1536x467.jpeg 1536w, https:\/\/mariasniezna.com.pl\/wp-content\/uploads\/2026\/02\/IMG_2405-1.jpeg 1600w\" sizes=\"auto, (max-width: 1024px) 100vw, 1024px\" \/><\/figure>\n\n\n\n<figure class=\"wp-block-image size-large\"><img loading=\"lazy\" decoding=\"async\" width=\"768\" height=\"1024\" data-id=\"63\" src=\"https:\/\/mariasniezna.com.pl\/wp-content\/uploads\/2026\/02\/IMG_2403-768x1024.jpeg\" alt=\"\" class=\"wp-image-63\" srcset=\"https:\/\/mariasniezna.com.pl\/wp-content\/uploads\/2026\/02\/IMG_2403-768x1024.jpeg 768w, https:\/\/mariasniezna.com.pl\/wp-content\/uploads\/2026\/02\/IMG_2403-225x300.jpeg 225w, https:\/\/mariasniezna.com.pl\/wp-content\/uploads\/2026\/02\/IMG_2403-1152x1536.jpeg 1152w, https:\/\/mariasniezna.com.pl\/wp-content\/uploads\/2026\/02\/IMG_2403.jpeg 1200w\" sizes=\"auto, (max-width: 768px) 100vw, 768px\" \/><\/figure>\n\n\n\n<figure class=\"wp-block-image size-large\"><img loading=\"lazy\" decoding=\"async\" width=\"1024\" height=\"768\" data-id=\"60\" src=\"https:\/\/mariasniezna.com.pl\/wp-content\/uploads\/2026\/02\/IMG_2406-1024x768.jpeg\" alt=\"\" class=\"wp-image-60\" srcset=\"https:\/\/mariasniezna.com.pl\/wp-content\/uploads\/2026\/02\/IMG_2406-1024x768.jpeg 1024w, https:\/\/mariasniezna.com.pl\/wp-content\/uploads\/2026\/02\/IMG_2406-300x225.jpeg 300w, https:\/\/mariasniezna.com.pl\/wp-content\/uploads\/2026\/02\/IMG_2406-768x576.jpeg 768w, https:\/\/mariasniezna.com.pl\/wp-content\/uploads\/2026\/02\/IMG_2406-1536x1152.jpeg 1536w, https:\/\/mariasniezna.com.pl\/wp-content\/uploads\/2026\/02\/IMG_2406-640x480.jpeg 640w, https:\/\/mariasniezna.com.pl\/wp-content\/uploads\/2026\/02\/IMG_2406-110x83.jpeg 110w, https:\/\/mariasniezna.com.pl\/wp-content\/uploads\/2026\/02\/IMG_2406.jpeg 1600w\" sizes=\"auto, (max-width: 1024px) 100vw, 1024px\" \/><\/figure>\n\n\n\n<figure class=\"wp-block-image size-large\"><img loading=\"lazy\" decoding=\"async\" width=\"768\" height=\"1024\" data-id=\"59\" src=\"https:\/\/mariasniezna.com.pl\/wp-content\/uploads\/2026\/02\/IMG_2407-768x1024.jpeg\" alt=\"\" class=\"wp-image-59\" srcset=\"https:\/\/mariasniezna.com.pl\/wp-content\/uploads\/2026\/02\/IMG_2407-768x1024.jpeg 768w, https:\/\/mariasniezna.com.pl\/wp-content\/uploads\/2026\/02\/IMG_2407-225x300.jpeg 225w, https:\/\/mariasniezna.com.pl\/wp-content\/uploads\/2026\/02\/IMG_2407-1152x1536.jpeg 1152w, https:\/\/mariasniezna.com.pl\/wp-content\/uploads\/2026\/02\/IMG_2407.jpeg 1200w\" sizes=\"auto, (max-width: 768px) 100vw, 768px\" \/><\/figure>\n\n\n\n<figure class=\"wp-block-image size-large\"><img loading=\"lazy\" decoding=\"async\" width=\"768\" height=\"1024\" data-id=\"58\" src=\"https:\/\/mariasniezna.com.pl\/wp-content\/uploads\/2026\/02\/IMG_2408-1-768x1024.jpeg\" alt=\"\" class=\"wp-image-58\" srcset=\"https:\/\/mariasniezna.com.pl\/wp-content\/uploads\/2026\/02\/IMG_2408-1-768x1024.jpeg 768w, https:\/\/mariasniezna.com.pl\/wp-content\/uploads\/2026\/02\/IMG_2408-1-225x300.jpeg 225w, https:\/\/mariasniezna.com.pl\/wp-content\/uploads\/2026\/02\/IMG_2408-1-1152x1536.jpeg 1152w, https:\/\/mariasniezna.com.pl\/wp-content\/uploads\/2026\/02\/IMG_2408-1.jpeg 1200w\" sizes=\"auto, (max-width: 768px) 100vw, 768px\" \/><\/figure>\n\n\n\n<figure class=\"wp-block-image size-full\"><img loading=\"lazy\" decoding=\"async\" width=\"1024\" height=\"768\" data-id=\"203\" src=\"http:\/\/mariasniezna.com.pl\/wp-content\/uploads\/2026\/02\/PHOTO-2022-05-18-20-25-03.jpeg\" alt=\"\" class=\"wp-image-203\" srcset=\"https:\/\/mariasniezna.com.pl\/wp-content\/uploads\/2026\/02\/PHOTO-2022-05-18-20-25-03.jpeg 1024w, https:\/\/mariasniezna.com.pl\/wp-content\/uploads\/2026\/02\/PHOTO-2022-05-18-20-25-03-300x225.jpeg 300w, https:\/\/mariasniezna.com.pl\/wp-content\/uploads\/2026\/02\/PHOTO-2022-05-18-20-25-03-768x576.jpeg 768w, https:\/\/mariasniezna.com.pl\/wp-content\/uploads\/2026\/02\/PHOTO-2022-05-18-20-25-03-640x480.jpeg 640w, https:\/\/mariasniezna.com.pl\/wp-content\/uploads\/2026\/02\/PHOTO-2022-05-18-20-25-03-110x83.jpeg 110w\" sizes=\"auto, (max-width: 1024px) 100vw, 1024px\" \/><\/figure>\n\n\n\n<figure class=\"wp-block-image size-large\"><img loading=\"lazy\" decoding=\"async\" width=\"1024\" height=\"373\" data-id=\"35\" src=\"https:\/\/mariasniezna.com.pl\/wp-content\/uploads\/2026\/02\/cropped-IMG_2405-1024x373.jpeg\" alt=\"\" class=\"wp-image-35\" srcset=\"https:\/\/mariasniezna.com.pl\/wp-content\/uploads\/2026\/02\/cropped-IMG_2405-1024x373.jpeg 1024w, https:\/\/mariasniezna.com.pl\/wp-content\/uploads\/2026\/02\/cropped-IMG_2405-300x109.jpeg 300w, https:\/\/mariasniezna.com.pl\/wp-content\/uploads\/2026\/02\/cropped-IMG_2405-768x280.jpeg 768w, https:\/\/mariasniezna.com.pl\/wp-content\/uploads\/2026\/02\/cropped-IMG_2405-1536x560.jpeg 1536w, https:\/\/mariasniezna.com.pl\/wp-content\/uploads\/2026\/02\/cropped-IMG_2405.jpeg 1920w\" sizes=\"auto, (max-width: 1024px) 100vw, 1024px\" \/><\/figure>\n\n\n\n<figure class=\"wp-block-image size-large\"><img loading=\"lazy\" decoding=\"async\" width=\"768\" height=\"1024\" data-id=\"33\" src=\"https:\/\/mariasniezna.com.pl\/wp-content\/uploads\/2026\/02\/IMG_2410-1-768x1024.jpeg\" alt=\"\" class=\"wp-image-33\" srcset=\"https:\/\/mariasniezna.com.pl\/wp-content\/uploads\/2026\/02\/IMG_2410-1-768x1024.jpeg 768w, https:\/\/mariasniezna.com.pl\/wp-content\/uploads\/2026\/02\/IMG_2410-1-225x300.jpeg 225w, https:\/\/mariasniezna.com.pl\/wp-content\/uploads\/2026\/02\/IMG_2410-1-1152x1536.jpeg 1152w, https:\/\/mariasniezna.com.pl\/wp-content\/uploads\/2026\/02\/IMG_2410-1.jpeg 1200w\" sizes=\"auto, (max-width: 768px) 100vw, 768px\" \/><\/figure>\n\n\n\n<figure class=\"wp-block-image size-large\"><img loading=\"lazy\" decoding=\"async\" width=\"905\" height=\"610\" data-id=\"9\" src=\"https:\/\/mariasniezna.com.pl\/wp-content\/uploads\/2026\/02\/IMG_2409.jpeg\" alt=\"\" class=\"wp-image-9\" srcset=\"https:\/\/mariasniezna.com.pl\/wp-content\/uploads\/2026\/02\/IMG_2409.jpeg 905w, https:\/\/mariasniezna.com.pl\/wp-content\/uploads\/2026\/02\/IMG_2409-300x202.jpeg 300w, https:\/\/mariasniezna.com.pl\/wp-content\/uploads\/2026\/02\/IMG_2409-768x518.jpeg 768w, https:\/\/mariasniezna.com.pl\/wp-content\/uploads\/2026\/02\/IMG_2409-480x324.jpeg 480w\" sizes=\"auto, (max-width: 905px) 100vw, 905px\" \/><\/figure>\n\n\n\n<figure class=\"wp-block-image size-large\"><img loading=\"lazy\" decoding=\"async\" width=\"1024\" height=\"768\" data-id=\"206\" src=\"https:\/\/mariasniezna.com.pl\/wp-content\/uploads\/2026\/02\/1bfd6c2c-d8e6-48d9-be8d-4a03d1f04b2c-1024x768.jpeg\" alt=\"\" class=\"wp-image-206\" srcset=\"https:\/\/mariasniezna.com.pl\/wp-content\/uploads\/2026\/02\/1bfd6c2c-d8e6-48d9-be8d-4a03d1f04b2c-1024x768.jpeg 1024w, https:\/\/mariasniezna.com.pl\/wp-content\/uploads\/2026\/02\/1bfd6c2c-d8e6-48d9-be8d-4a03d1f04b2c-300x225.jpeg 300w, https:\/\/mariasniezna.com.pl\/wp-content\/uploads\/2026\/02\/1bfd6c2c-d8e6-48d9-be8d-4a03d1f04b2c-768x576.jpeg 768w, https:\/\/mariasniezna.com.pl\/wp-content\/uploads\/2026\/02\/1bfd6c2c-d8e6-48d9-be8d-4a03d1f04b2c-1536x1152.jpeg 1536w, https:\/\/mariasniezna.com.pl\/wp-content\/uploads\/2026\/02\/1bfd6c2c-d8e6-48d9-be8d-4a03d1f04b2c-640x480.jpeg 640w, https:\/\/mariasniezna.com.pl\/wp-content\/uploads\/2026\/02\/1bfd6c2c-d8e6-48d9-be8d-4a03d1f04b2c-110x83.jpeg 110w, https:\/\/mariasniezna.com.pl\/wp-content\/uploads\/2026\/02\/1bfd6c2c-d8e6-48d9-be8d-4a03d1f04b2c.jpeg 1600w\" sizes=\"auto, (max-width: 1024px) 100vw, 1024px\" \/><\/figure>\n\n\n\n<figure class=\"wp-block-image size-large\"><img loading=\"lazy\" decoding=\"async\" width=\"1024\" height=\"768\" data-id=\"208\" src=\"https:\/\/mariasniezna.com.pl\/wp-content\/uploads\/2026\/02\/IMG_7027-1024x768.jpg\" alt=\"\" class=\"wp-image-208\" srcset=\"https:\/\/mariasniezna.com.pl\/wp-content\/uploads\/2026\/02\/IMG_7027-1024x768.jpg 1024w, https:\/\/mariasniezna.com.pl\/wp-content\/uploads\/2026\/02\/IMG_7027-300x225.jpg 300w, https:\/\/mariasniezna.com.pl\/wp-content\/uploads\/2026\/02\/IMG_7027-768x576.jpg 768w, https:\/\/mariasniezna.com.pl\/wp-content\/uploads\/2026\/02\/IMG_7027-1536x1152.jpg 1536w, https:\/\/mariasniezna.com.pl\/wp-content\/uploads\/2026\/02\/IMG_7027-2048x1536.jpg 2048w, https:\/\/mariasniezna.com.pl\/wp-content\/uploads\/2026\/02\/IMG_7027-640x480.jpg 640w, https:\/\/mariasniezna.com.pl\/wp-content\/uploads\/2026\/02\/IMG_7027-110x83.jpg 110w\" sizes=\"auto, (max-width: 1024px) 100vw, 1024px\" \/><\/figure>\n\n\n\n<figure class=\"wp-block-image size-large\"><img loading=\"lazy\" decoding=\"async\" width=\"1024\" height=\"427\" data-id=\"205\" src=\"https:\/\/mariasniezna.com.pl\/wp-content\/uploads\/2026\/02\/PHOTO-2022-05-18-20-23-40.jpeg\" alt=\"\" class=\"wp-image-205\" srcset=\"https:\/\/mariasniezna.com.pl\/wp-content\/uploads\/2026\/02\/PHOTO-2022-05-18-20-23-40.jpeg 1024w, https:\/\/mariasniezna.com.pl\/wp-content\/uploads\/2026\/02\/PHOTO-2022-05-18-20-23-40-300x125.jpeg 300w, https:\/\/mariasniezna.com.pl\/wp-content\/uploads\/2026\/02\/PHOTO-2022-05-18-20-23-40-768x320.jpeg 768w\" sizes=\"auto, (max-width: 1024px) 100vw, 1024px\" \/><\/figure>\n<\/figure>\n\n\n\n<p><\/p>\n","protected":false},"excerpt":{"rendered":"<p>Sanktuarium Maria \u015anie\u017cna w czterech porach roku, z r\u00f3\u017cnych perspektyw.<\/p>\n","protected":false},"author":1,"featured_media":77,"parent":0,"menu_order":0,"comment_status":"closed","ping_status":"closed","template":"","meta":{"footnotes":""},"class_list":["post-28","page","type-page","status-publish","has-post-thumbnail","hentry"],"_links":{"self":[{"href":"https:\/\/mariasniezna.com.pl\/index.php\/wp-json\/wp\/v2\/pages\/28","targetHints":{"allow":["GET"]}}],"collection":[{"href":"https:\/\/mariasniezna.com.pl\/index.php\/wp-json\/wp\/v2\/pages"}],"about":[{"href":"https:\/\/mariasniezna.com.pl\/index.php\/wp-json\/wp\/v2\/types\/page"}],"author":[{"embeddable":true,"href":"https:\/\/mariasniezna.com.pl\/index.php\/wp-json\/wp\/v2\/users\/1"}],"replies":[{"embeddable":true,"href":"https:\/\/mariasniezna.com.pl\/index.php\/wp-json\/wp\/v2\/comments?post=28"}],"version-history":[{"count":6,"href":"https:\/\/mariasniezna.com.pl\/index.php\/wp-json\/wp\/v2\/pages\/28\/revisions"}],"predecessor-version":[{"id":209,"href":"https:\/\/mariasniezna.com.pl\/index.php\/wp-json\/wp\/v2\/pages\/28\/revisions\/209"}],"wp:featuredmedia":[{"embeddable":true,"href":"https:\/\/mariasniezna.com.pl\/index.php\/wp-json\/wp\/v2\/media\/77"}],"wp:attachment":[{"href":"https:\/\/mariasniezna.com.pl\/index.php\/wp-json\/wp\/v2\/media?parent=28"}],"curies":[{"name":"wp","href":"https:\/\/api.w.org\/{rel}","templated":true}]}}