{"id":20,"date":"2026-02-18T11:47:45","date_gmt":"2026-02-18T11:47:45","guid":{"rendered":"http:\/\/mariasniezna.com.pl\/?page_id=20"},"modified":"2026-02-26T19:35:18","modified_gmt":"2026-02-26T19:35:18","slug":"kontakt","status":"publish","type":"page","link":"https:\/\/mariasniezna.com.pl\/index.php\/kontakt\/","title":{"rendered":"Kontakt"},"content":{"rendered":"\n<p><strong>Kustosz:<\/strong> Ks. Wojciech Iwanicki<\/p>\n\n\n\n<p><strong>tel. <\/strong>535388183<\/p>\n\n\n\n<p><strong>Mail: <\/strong>sanktuariummariasniezna@gmail.com<\/p>\n\n\n\n<p><strong>Adres:<\/strong> G\u00f3ra Igliczna 1<br>57-500 Wilkan\u00f3w<\/p>\n\n\n\n<p>Chc\u0105c dojecha\u0107 do parkingu \u201eprzy krzy\u017cu&#8221; (r\u00f3wnie\u017c dla autokar\u00f3w), oddalonego od Sanktuarium o 400 m GPS: N50 14.598 E16\u00b045.230&#8242;, nale\u017cy przejecha\u0107 miejscowo\u015b\u0107 Marian\u00f3wka i Szklary. Droga dojazdowa znakowana jest drogowskazami od skrzy\u017cowania dr\u00f3g 33 (K\u0142odzko Mi\u0119dzylesie) i 392 (Bystrzyca K\u0142. &#8211; Stronie \u015al.) przy Bystrzycy K\u0142odzkiej. <\/p>\n\n\n\n<p>Oznakowane pojazdy os\u00f3b niepe\u0142nosprawnych mog\u0105 zatrzyma\u0107 si\u0119 na parkingu przy Sanktuarium (cztery miejsca parkingowe).<\/p>\n\n\n\n<p>Po przybyciu do Sanktuarium, grup\u0119 pielgrzym\u00f3w jak r\u00f3wnie\u017c turyst\u00f3w, ze wzgl\u0119d\u00f3w organizacyjnych i statystycznych, nale\u017cy zg\u0142osi\u0107 w budynku Rektoratu Sanktuarium (plebania), gdzie r\u00f3wnie\u017c istnieje mo\u017cliwo\u015b\u0107 kupienia pami\u0105tek, posilenia si\u0119.<\/p>\n\n\n\n<iframe src=\"https:\/\/www.google.com\/maps\/embed?pb=!1m18!1m12!1m3!1d2827.502277094294!2d16.74574067664632!3d50.24095940242539!2m3!1f0!2f0!3f0!3m2!1i1024!2i768!4f13.1!3m3!1m2!1s0x470e03b9611f4057%3A0x7ea3701dc8128842!2sSanktuarium%20Maria%20%C5%9Anie%C5%BCna!5e1!3m2!1spl!2spl!4v1771579150661!5m2!1spl!2spl\" width=\"600\" height=\"450\" style=\"border:0;\" allowfullscreen=\"\" loading=\"lazy\" referrerpolicy=\"no-referrer-when-downgrade\"><\/iframe>\n","protected":false},"excerpt":{"rendered":"<p>Kustosz: Ks. Wojciech Iwanicki tel. 535388183 Mail: sanktuariummariasniezna@gmail.com Adres: G\u00f3ra Igliczna 157-500 Wilkan\u00f3w Chc\u0105c dojecha\u0107 do parkingu \u201eprzy krzy\u017cu&#8221; (r\u00f3wnie\u017c dla autokar\u00f3w), oddalonego od Sanktuarium o 400 m GPS: N50 14.598 E16\u00b045.230&#8242;, nale\u017cy przejecha\u0107 miejscowo\u015b\u0107 Marian\u00f3wka i Szklary. Droga dojazdowa znakowana jest drogowskazami od skrzy\u017cowania &hellip; <\/p>\n","protected":false},"author":1,"featured_media":84,"parent":0,"menu_order":0,"comment_status":"closed","ping_status":"closed","template":"","meta":{"footnotes":""},"class_list":["post-20","page","type-page","status-publish","has-post-thumbnail","hentry"],"_links":{"self":[{"href":"https:\/\/mariasniezna.com.pl\/index.php\/wp-json\/wp\/v2\/pages\/20","targetHints":{"allow":["GET"]}}],"collection":[{"href":"https:\/\/mariasniezna.com.pl\/index.php\/wp-json\/wp\/v2\/pages"}],"about":[{"href":"https:\/\/mariasniezna.com.pl\/index.php\/wp-json\/wp\/v2\/types\/page"}],"author":[{"embeddable":true,"href":"https:\/\/mariasniezna.com.pl\/index.php\/wp-json\/wp\/v2\/users\/1"}],"replies":[{"embeddable":true,"href":"https:\/\/mariasniezna.com.pl\/index.php\/wp-json\/wp\/v2\/comments?post=20"}],"version-history":[{"count":17,"href":"https:\/\/mariasniezna.com.pl\/index.php\/wp-json\/wp\/v2\/pages\/20\/revisions"}],"predecessor-version":[{"id":177,"href":"https:\/\/mariasniezna.com.pl\/index.php\/wp-json\/wp\/v2\/pages\/20\/revisions\/177"}],"wp:featuredmedia":[{"embeddable":true,"href":"https:\/\/mariasniezna.com.pl\/index.php\/wp-json\/wp\/v2\/media\/84"}],"wp:attachment":[{"href":"https:\/\/mariasniezna.com.pl\/index.php\/wp-json\/wp\/v2\/media?parent=20"}],"curies":[{"name":"wp","href":"https:\/\/api.w.org\/{rel}","templated":true}]}}