{"id":186,"date":"2026-02-27T09:55:49","date_gmt":"2026-02-27T09:55:49","guid":{"rendered":"https:\/\/mariasniezna.com.pl\/?page_id=186"},"modified":"2026-02-27T10:06:09","modified_gmt":"2026-02-27T10:06:09","slug":"informacje-ogolne","status":"publish","type":"page","link":"https:\/\/mariasniezna.com.pl\/index.php\/informacje-ogolne\/","title":{"rendered":"Informacje og\u00f3lne"},"content":{"rendered":"\n<p><strong>Msza \u015awi\u0119ta<\/strong> 12.00 &#8211; codziennie&nbsp;<\/p>\n\n\n\n<p>12.00 i 16.00 &#8211; soboty, niedziele i uroczysto\u015bci<\/p>\n\n\n\n<p>&nbsp;W ka\u017cdy poniedzia\u0142ek od 1 pa\u017adziernika do 30 kwietnia Sanktuarium nieczynne (dzie\u0144 techniczny) &#8211; wyj\u0105tek stanowi\u0105 uroczysto\u015bci lub wcze\u015bniej zg\u0142oszona grupa.&nbsp;<\/p>\n\n\n\n<p><strong>Odpust NMP Przyczyny Naszej Rado\u015bci<\/strong> (rocznica koronacji: 21.06.1983 r.) &#8211; przedostatnia niedziela czerwca, godz. 13.00<\/p>\n\n\n\n<p><strong>NMP Marii \u015anie\u017cnej <\/strong>(wezwanie ko\u015bcio\u0142a: 5 sierpnia) &#8211; pierwsza niedziela sierpnia, godz. 13.00<\/p>\n\n\n\n<p>Bo\u017ce Narodzenie <strong>Pasterka <\/strong>&#8211; godz. 24.00&nbsp;<\/p>\n\n\n\n<p>Wielki Post:<strong> Droga Krzy\u017cowa <\/strong>stacjami na szczyt g\u00f3ry Iglicznej, pi\u0105tek godz. 20.00 <br>Wielkanoc <strong>Wielka Sobota<\/strong> &#8211; po\u015bwi\u0119cenie pokarm\u00f3w &#8211; o pe\u0142nych godzinach&nbsp;<br><strong>Wigilia Paschalna<\/strong> &#8211; Wielka Sobota godz. 20.00<\/p>\n\n\n\n<p>Sala dla Pielgrzym\u00f3w znajduje si\u0119 w budynku rektoratu Sanktuarium (plebania).<\/p>\n\n\n\n<p>Wystawa ukazuj\u0105ca dzieje Sanktuarium i kult Matki Bo\u017cej mie\u015bci si\u0119 w kru\u017cgankach.<\/p>\n\n\n\n<p>Szopka Bo\u017conarodzeniowa ca\u0142oroczna ruchoma, mie\u015bci si\u0119 w kru\u017cgankach. Jej ogl\u0105danie po\u0142\u0105czone jest ze zwiedzaniem wystawy.<\/p>\n\n\n\n<p>Pami\u0105tki z Sanktuarium s\u0105 do nabycia w przyko\u015bcielnym kiosku i w budynku rektoratu Sanktuarium (plebania).<\/p>\n\n\n\n<p>Doch\u00f3d, ofiary, darowizny przeznaczone s\u0105 na utrzymanie i remont Sanktuarium.<\/p>\n\n\n\n<p><strong>Zwiedzanie Sanktuarium:<\/strong><\/p>\n\n\n\n<p>10.00-18.00 (maj &#8211; wrzesie\u0144)<\/p>\n\n\n\n<p>10.00-16.00 (pa\u017adziernik &#8211; kwiecie\u0144)<\/p>\n\n\n\n<p>gdy nie ma Mszy \u015awi\u0119tej lub nabo\u017ce\u0144stwa<\/p>\n","protected":false},"excerpt":{"rendered":"<p>Msza \u015awi\u0119ta 12.00 &#8211; codziennie&nbsp; 12.00 i 16.00 &#8211; soboty, niedziele i uroczysto\u015bci &nbsp;W ka\u017cdy poniedzia\u0142ek od 1 pa\u017adziernika do 30 kwietnia Sanktuarium nieczynne (dzie\u0144 techniczny) &#8211; wyj\u0105tek stanowi\u0105 uroczysto\u015bci lub wcze\u015bniej zg\u0142oszona grupa.&nbsp; Odpust NMP Przyczyny Naszej Rado\u015bci (rocznica koronacji: 21.06.1983 r.) &#8211; przedostatnia &hellip; <\/p>\n","protected":false},"author":1,"featured_media":76,"parent":0,"menu_order":0,"comment_status":"closed","ping_status":"closed","template":"","meta":{"footnotes":""},"class_list":["post-186","page","type-page","status-publish","has-post-thumbnail","hentry"],"_links":{"self":[{"href":"https:\/\/mariasniezna.com.pl\/index.php\/wp-json\/wp\/v2\/pages\/186","targetHints":{"allow":["GET"]}}],"collection":[{"href":"https:\/\/mariasniezna.com.pl\/index.php\/wp-json\/wp\/v2\/pages"}],"about":[{"href":"https:\/\/mariasniezna.com.pl\/index.php\/wp-json\/wp\/v2\/types\/page"}],"author":[{"embeddable":true,"href":"https:\/\/mariasniezna.com.pl\/index.php\/wp-json\/wp\/v2\/users\/1"}],"replies":[{"embeddable":true,"href":"https:\/\/mariasniezna.com.pl\/index.php\/wp-json\/wp\/v2\/comments?post=186"}],"version-history":[{"count":1,"href":"https:\/\/mariasniezna.com.pl\/index.php\/wp-json\/wp\/v2\/pages\/186\/revisions"}],"predecessor-version":[{"id":187,"href":"https:\/\/mariasniezna.com.pl\/index.php\/wp-json\/wp\/v2\/pages\/186\/revisions\/187"}],"wp:featuredmedia":[{"embeddable":true,"href":"https:\/\/mariasniezna.com.pl\/index.php\/wp-json\/wp\/v2\/media\/76"}],"wp:attachment":[{"href":"https:\/\/mariasniezna.com.pl\/index.php\/wp-json\/wp\/v2\/media?parent=186"}],"curies":[{"name":"wp","href":"https:\/\/api.w.org\/{rel}","templated":true}]}}