{"id":182,"date":"2026-02-27T09:53:38","date_gmt":"2026-02-27T09:53:38","guid":{"rendered":"https:\/\/mariasniezna.com.pl\/?page_id=182"},"modified":"2026-03-03T16:12:51","modified_gmt":"2026-03-03T16:12:51","slug":"zabytki-sakralne","status":"publish","type":"page","link":"https:\/\/mariasniezna.com.pl\/index.php\/zabytki-sakralne\/","title":{"rendered":"&#8222;Zabytki sakralne&#8221;"},"content":{"rendered":"\n<p>Projekt: <strong>&#8222;Zabytki sakralne \u2013 droga do duchowego bogactwa \/ Sakr\u00e1ln\u00ed pam\u00e1tky \u2013 cesta k duchovn\u00edmu bohatstv\u00ed&#8221;<\/strong><\/p>\n\n\n\n<figure class=\"wp-block-embed is-type-video is-provider-youtube wp-block-embed-youtube wp-embed-aspect-16-9 wp-has-aspect-ratio\"><div class=\"wp-block-embed__wrapper\">\n<iframe loading=\"lazy\" title=\"Zabytki sakralne - droga do duchowego bogactwa \/ Sakr\u00e1ln\u00ed pam\u00e1tky \u2013 cesta k duchovn\u00edmu bohatstv\u00ed\" width=\"767\" height=\"431\" src=\"https:\/\/www.youtube.com\/embed\/QlLuuKji1RU?feature=oembed\" frameborder=\"0\" allow=\"accelerometer; autoplay; clipboard-write; encrypted-media; gyroscope; picture-in-picture; web-share\" referrerpolicy=\"strict-origin-when-cross-origin\" allowfullscreen><\/iframe>\n<\/div><\/figure>\n\n\n\n<p>wi\u0119cej informacji o projekcie tutaj:<\/p>\n\n\n\n<figure class=\"wp-block-embed is-type-wp-embed is-provider-parafia-w-antoniego-w-pieszycach wp-block-embed-parafia-w-antoniego-w-pieszycach\"><div class=\"wp-block-embed__wrapper\">\n<blockquote class=\"wp-embedded-content\" data-secret=\"6tIW4oGyMo\"><a href=\"https:\/\/www.swantoni.net.pl\/zabytki-skalne-droga\/\">Zabytki sakralne &#8211; droga do duchowego bogactwa\/ Sakr\u00e1ln\u00ed pam\u00e1tky \u2013 cesta k duchovn\u00edmu bohatstv\u00ed<\/a><\/blockquote><iframe loading=\"lazy\" class=\"wp-embedded-content\" sandbox=\"allow-scripts\" security=\"restricted\" style=\"position: absolute; visibility: hidden;\" title=\"&#8222;Zabytki sakralne &#8211; droga do duchowego bogactwa\/ Sakr\u00e1ln\u00ed pam\u00e1tky \u2013 cesta k duchovn\u00edmu bohatstv\u00ed&#8221; &#8212; Parafia \u015bw. Antoniego w Pieszycach\" src=\"https:\/\/www.swantoni.net.pl\/zabytki-skalne-droga\/embed\/#?secret=IHBwaiL5N6#?secret=6tIW4oGyMo\" data-secret=\"6tIW4oGyMo\" width=\"600\" height=\"338\" frameborder=\"0\" marginwidth=\"0\" marginheight=\"0\" scrolling=\"no\"><\/iframe>\n<\/div><\/figure>\n\n\n\n<p><a href=\"https:\/\/www.swantoni.net.pl\/zabytki-skalne-droga\/,\">https:\/\/www.swantoni.net.pl\/zabytki-skalne-droga\/<\/a><\/p>\n\n\n\n<p><\/p>\n","protected":false},"excerpt":{"rendered":"<p>Projekt: &#8222;Zabytki sakralne \u2013 droga do duchowego bogactwa \/ Sakr\u00e1ln\u00ed pam\u00e1tky \u2013 cesta k duchovn\u00edmu bohatstv\u00ed&#8221; wi\u0119cej informacji o projekcie tutaj: https:\/\/www.swantoni.net.pl\/zabytki-skalne-droga\/<\/p>\n","protected":false},"author":1,"featured_media":192,"parent":0,"menu_order":0,"comment_status":"closed","ping_status":"closed","template":"","meta":{"footnotes":""},"class_list":["post-182","page","type-page","status-publish","has-post-thumbnail","hentry"],"_links":{"self":[{"href":"https:\/\/mariasniezna.com.pl\/index.php\/wp-json\/wp\/v2\/pages\/182","targetHints":{"allow":["GET"]}}],"collection":[{"href":"https:\/\/mariasniezna.com.pl\/index.php\/wp-json\/wp\/v2\/pages"}],"about":[{"href":"https:\/\/mariasniezna.com.pl\/index.php\/wp-json\/wp\/v2\/types\/page"}],"author":[{"embeddable":true,"href":"https:\/\/mariasniezna.com.pl\/index.php\/wp-json\/wp\/v2\/users\/1"}],"replies":[{"embeddable":true,"href":"https:\/\/mariasniezna.com.pl\/index.php\/wp-json\/wp\/v2\/comments?post=182"}],"version-history":[{"count":4,"href":"https:\/\/mariasniezna.com.pl\/index.php\/wp-json\/wp\/v2\/pages\/182\/revisions"}],"predecessor-version":[{"id":213,"href":"https:\/\/mariasniezna.com.pl\/index.php\/wp-json\/wp\/v2\/pages\/182\/revisions\/213"}],"wp:featuredmedia":[{"embeddable":true,"href":"https:\/\/mariasniezna.com.pl\/index.php\/wp-json\/wp\/v2\/media\/192"}],"wp:attachment":[{"href":"https:\/\/mariasniezna.com.pl\/index.php\/wp-json\/wp\/v2\/media?parent=182"}],"curies":[{"name":"wp","href":"https:\/\/api.w.org\/{rel}","templated":true}]}}